{"id":229,"date":"2017-06-07T16:18:01","date_gmt":"2017-06-07T13:18:01","guid":{"rendered":"http:\/\/rabbit.wp.mountaintheme.com\/?page_id=229"},"modified":"2021-03-27T19:08:08","modified_gmt":"2021-03-27T19:08:08","slug":"particles-image-slideshow","status":"publish","type":"page","link":"http:\/\/odaal.com\/tr\/","title":{"rendered":"Particles \u2013 image slideshow"},"content":{"rendered":"<p>[vc_row full_width=&#8221;stretch_row&#8221; el_id=&#8221;countdown&#8221; css=&#8221;.vc_custom_1496825093549{padding-top: 80px !important;padding-bottom: 100px !important;background-color: #eb5054 !important;}&#8221;][vc_column]<h3 class='title-icons ' style='margin-top: 0px; margin-bottom: 0px; text-align: center; color: #fff; font-size: 30px;'><i style='color: #fff' class=\"fa-fw fa fa-clock-o\"><\/i>\u00c7ok Yak\u0131nda!<\/h3><style type='text\/css'> #countdown {border-top:  #ffffff; border-bottom: 6px solid #ec676c;}<\/style>[\/vc_column][\/vc_row][vc_row full_width=&#8221;stretch_row&#8221; css=&#8221;.vc_custom_1496148560262{padding-top: 90px !important;padding-bottom: 140px !important;background-color: #f2f2f2 !important;}&#8221;][vc_column]<div class='title-section ' style='margin-top: 0px; margin-bottom: 0px; text-align: center'><h3 style='color:#000000; background: url(http:\/\/odaal.com\/tr\/wp-content\/uploads\/2017\/06\/h1-bg.png) 50% 100% no-repeat; '>Hizmetlerimiz<\/h3><\/div>[vc_row_inner][vc_column_inner width=&#8221;1\/2&#8243;]<div class='services-box ' style='color: #394f6f;'><div class='icon'><i class='fa fa-mobile' style='color:#394f6f; border-color: #394f6f'><\/i><\/div><h2>Mobil Uygulama<\/h2><p>Saatlerce bilgisayardan u\u011fra\u015fmay\u0131n diye bir ka\u00e7 dokunu\u015fla istedi\u011finiz oday\u0131 alabilece\u011finiz mobil uygulama.<\/p><\/div>[\/vc_column_inner][vc_column_inner width=&#8221;1\/2&#8243;]<div class='services-box ' style='color: #394F6F;'><div class='icon'><i class='fa fa-graduation-cap' style='color:#394F6F; border-color: #394F6F'><\/i><\/div><h2>\u00d6\u011frenci \u0130ndirimi<\/h2><p>Sistemimize kay\u0131t olurken edu.tr uzant\u0131l\u0131 mail adresini kullan b\u00fct\u00fcn hizmetlerimizden %15 indirim kazan.<\/p><\/div>[\/vc_column_inner][\/vc_row_inner][vc_row_inner][vc_column_inner width=&#8221;1\/2&#8243;]<div class='services-box ' style='color: #394F6F;'><div class='icon'><i class='fa fa-star-o' style='color:#394F6F; border-color: #394F6F'><\/i><\/div><h2>En iyi fiyat<\/h2><p>En kaliteli hizmeti en iyi fiyata alabildi\u011finiz odaal.com' da tatili en ucuza, en iyi kaliteyi ya\u015fayarak daha iyi anlayacaks\u0131n\u0131z.<\/p><\/div>[\/vc_column_inner][vc_column_inner width=&#8221;1\/2&#8243;]<div class='services-box ' style='color: #394F6F;'><div class='icon'><i class='fa fa-bullhorn' style='color:#394F6F; border-color: #394F6F'><\/i><\/div><h2>7\/24 Destek<\/h2><p>Yard\u0131ma ihtiyac\u0131n\u0131z olan her saniye m\u00fc\u015fteri hizmetlerimiz uygulama \u00fczerinden her zaman sizlerle.<\/p><\/div>[\/vc_column_inner][\/vc_row_inner][\/vc_column][\/vc_row]<\/p>\n","protected":false},"excerpt":{"rendered":"<p>[vc_row full_width=&#8221;stretch_row&#8221; el_id=&#8221;countdown&#8221; css=&#8221;.vc_custom_1496825093549{padding-top: 80px !important;padding-bottom: 100px !important;background-color: #eb5054 !important;}&#8221;][vc_column][\/vc_column][\/vc_row][vc_row full_width=&#8221;stretch_row&#8221; css=&#8221;.vc_custom_1496148560262{padding-top: 90px !important;padding-bottom: 140px !important;background-color: #f2f2f2 !important;}&#8221;][vc_column][vc_row_inner][vc_column_inner width=&#8221;1\/2&#8243;][\/vc_column_inner][vc_column_inner width=&#8221;1\/2&#8243;][\/vc_column_inner][\/vc_row_inner][vc_row_inner][vc_column_inner width=&#8221;1\/2&#8243;][\/vc_column_inner][vc_column_inner width=&#8221;1\/2&#8243;][\/vc_column_inner][\/vc_row_inner][\/vc_column][\/vc_row]<\/p>\n","protected":false},"author":1,"featured_media":0,"parent":0,"menu_order":0,"comment_status":"closed","ping_status":"closed","template":"template-coming-soon.php","meta":[],"_links":{"self":[{"href":"http:\/\/odaal.com\/tr\/wp-json\/wp\/v2\/pages\/229"}],"collection":[{"href":"http:\/\/odaal.com\/tr\/wp-json\/wp\/v2\/pages"}],"about":[{"href":"http:\/\/odaal.com\/tr\/wp-json\/wp\/v2\/types\/page"}],"author":[{"embeddable":true,"href":"http:\/\/odaal.com\/tr\/wp-json\/wp\/v2\/users\/1"}],"replies":[{"embeddable":true,"href":"http:\/\/odaal.com\/tr\/wp-json\/wp\/v2\/comments?post=229"}],"version-history":[{"count":19,"href":"http:\/\/odaal.com\/tr\/wp-json\/wp\/v2\/pages\/229\/revisions"}],"predecessor-version":[{"id":2188,"href":"http:\/\/odaal.com\/tr\/wp-json\/wp\/v2\/pages\/229\/revisions\/2188"}],"wp:attachment":[{"href":"http:\/\/odaal.com\/tr\/wp-json\/wp\/v2\/media?parent=229"}],"curies":[{"name":"wp","href":"https:\/\/api.w.org\/{rel}","templated":true}]}}